{"id":7162,"date":"2021-06-04T09:13:51","date_gmt":"2021-06-04T07:13:51","guid":{"rendered":"http:\/\/epasbe.eu\/sites-internet-utiles\/"},"modified":"2026-02-25T15:35:07","modified_gmt":"2026-02-25T14:35:07","slug":"sites-internet-utiles","status":"publish","type":"page","link":"https:\/\/epasbe.eu\/fr\/sites-internet-utiles\/","title":{"rendered":"Sites internet utiles"},"content":{"rendered":"\n<p><strong>A propos du Parlement europ\u00e9en<\/strong>: Le site web du Parlement explique son objectif, son histoire et la mani\u00e8re dont vous pouvez vous impliquer.<br><a href=\"https:\/\/www.europarl.europa.eu\/about-parliament\/fr\">https:\/\/www.europarl.europa.eu\/about-parliament\/fr<\/a><\/p>\n\n\n\n<p><strong>Hub jeunesse du Parlement europ\u00e9en :<\/strong> Vous souhaitez rencontrer de nouvelles personnes, voyager et vivre de nouvelles exp\u00e9riences ? Vous avez une id\u00e9e qui pourrait changer l&rsquo;Europe ou vous souhaitez simplement en savoir plus sur le fonctionnement de la d\u00e9mocratie europ\u00e9enne ? Quoi que vous recherchiez, il se passe quelque chose pour vous au Parlement europ\u00e9en - et tout le monde est invit\u00e9.  <br><a href=\"https:\/\/youth.europarl.europa.eu\/\">https:\/\/youth.europarl.europa.eu\/<\/a><\/p>\n\n\n\n<p><strong>EPLO en Belgique<\/strong>: Le bureau de liaison du Parlement europ\u00e9en en Belgique :<br><a href=\"https:\/\/brussels.europarl.europa.eu\/fr\">https:\/\/brussels.europarl.europa.eu\/fr<\/a><\/p>\n\n\n\n<p><strong>What Europe Does for Me (Ce que l&rsquo;Europe fait pour moi)<\/strong>: Une \u00e9norme source d&rsquo;informations pour voir l&rsquo;impact de l&rsquo;UE dans votre r\u00e9gion, dans divers aspects de votre vie ou par domaine politique.<br><a href=\"https:\/\/www.what-europe-does-for-me.eu\/fr\/portal\">https:\/\/www.what-europe-does-for-me.eu\/fr\/portal<\/a><\/p>\n\n\n\n<p><strong>Europa.eu :<\/strong> Le site officiel de l&rsquo;Union europ\u00e9enne. Liens vers tous les domaines, de la l\u00e9gislation \u00e0 l&rsquo;actualit\u00e9. <br><a href=\"https:\/\/europa.eu\/\">https:\/\/europa.eu\/<\/a><\/p>\n\n\n\n<p><strong>Portail europ\u00e9en de la jeunesse<\/strong>: Le portail europ\u00e9en de la jeunesse offre aux jeunes des informations sur les opportunit\u00e9s en Europe et au-del\u00e0.<br><a href=\"https:\/\/europa.eu\/youth\/home_fr\">https:\/\/europa.eu\/youth\/home_fr<\/a><\/p>\n\n\n\n<p><strong>Eurodesk<\/strong>: Eurodesk travaille avec plus de 1600 points d&rsquo;information jeunesse dans 36 pays qui informent les jeunes sur les opportunit\u00e9s de mobilit\u00e9 et les encouragent \u00e0 devenir des citoyens actifs.<br><a href=\"https:\/\/eurodesk.eu\/\">https:\/\/eurodesk.eu\/<\/a><\/p>\n\n\n\n<p><strong>Journ\u00e9e europ\u00e9enne des langues :<\/strong> De nombreuses activit\u00e9s, phrases et ressources pour vous aider \u00e0 partager les 24 langues officielles de l&rsquo;UE (et bien d&rsquo;autres encore).<br><a href=\"https:\/\/edl.ecml.at\/\">https:\/\/edl.ecml.at\/<\/a><\/p>\n\n\n\n<p>Toute l&rsquo;Europe - Touteleurope.eu est le site de r\u00e9f\u00e9rence sur les questions europ\u00e9ennes, premier site francophone d\u2019information p\u00e9dagogique sur l\u2019Union europ\u00e9enne.<br><a href=\"https:\/\/www.touteleurope.eu\/\">touteleurope.eu<\/a><\/p>\n\n\n\n<p><\/p>\n\n\n\n<hr class=\"wp-block-separator has-css-opacity\"\/>\n\n\n\n<p><strong>Quels autres sites web avez-vous trouv\u00e9s utiles pour l&rsquo;EPAS ? Envoyez-nous un courriel et nous les ajouterons ici : <a href=\"mailto:epas@europahuis.be\">epas@europahuis.be<\/a> <\/strong><\/p>\n\n\n\n<p><\/p>\n","protected":false},"excerpt":{"rendered":"<p>A propos du Parlement europ\u00e9en: Le site web du Parlement explique son objectif, son histoire et la mani\u00e8re dont vous pouvez vous impliquer.https:\/\/www.europarl.europa.eu\/about-parliament\/fr Hub jeunesse du Parlement europ\u00e9en : Vous souhaitez rencontrer de nouvelles personnes, voyager et vivre de nouvelles exp\u00e9riences ? Vous avez une id\u00e9e qui pourrait changer l&rsquo;Europe ou vous souhaitez simplement en [&hellip;]<\/p>\n","protected":false},"author":2,"featured_media":592,"parent":0,"menu_order":0,"comment_status":"closed","ping_status":"closed","template":"","meta":{"footnotes":""},"categories":[],"class_list":["post-7162","page","type-page","status-publish","has-post-thumbnail","hentry"],"_links":{"self":[{"href":"https:\/\/epasbe.eu\/fr\/wp-json\/wp\/v2\/pages\/7162","targetHints":{"allow":["GET"]}}],"collection":[{"href":"https:\/\/epasbe.eu\/fr\/wp-json\/wp\/v2\/pages"}],"about":[{"href":"https:\/\/epasbe.eu\/fr\/wp-json\/wp\/v2\/types\/page"}],"author":[{"embeddable":true,"href":"https:\/\/epasbe.eu\/fr\/wp-json\/wp\/v2\/users\/2"}],"replies":[{"embeddable":true,"href":"https:\/\/epasbe.eu\/fr\/wp-json\/wp\/v2\/comments?post=7162"}],"version-history":[{"count":3,"href":"https:\/\/epasbe.eu\/fr\/wp-json\/wp\/v2\/pages\/7162\/revisions"}],"predecessor-version":[{"id":10173,"href":"https:\/\/epasbe.eu\/fr\/wp-json\/wp\/v2\/pages\/7162\/revisions\/10173"}],"wp:featuredmedia":[{"embeddable":true,"href":"https:\/\/epasbe.eu\/fr\/wp-json\/wp\/v2\/media\/592"}],"wp:attachment":[{"href":"https:\/\/epasbe.eu\/fr\/wp-json\/wp\/v2\/media?parent=7162"}],"wp:term":[{"taxonomy":"category","embeddable":true,"href":"https:\/\/epasbe.eu\/fr\/wp-json\/wp\/v2\/categories?post=7162"}],"curies":[{"name":"wp","href":"https:\/\/api.w.org\/{rel}","templated":true}]}}